{"id":228,"date":"2024-12-11T18:10:24","date_gmt":"2024-12-11T18:10:24","guid":{"rendered":"https:\/\/goldenwood.ro\/szovata\/"},"modified":"2025-03-17T08:13:36","modified_gmt":"2025-03-17T08:13:36","slug":"sovata","status":"publish","type":"page","link":"https:\/\/goldenwood.ro\/ro\/sovata\/","title":{"rendered":"Sovata"},"content":{"rendered":"<div class=\"wpb-content-wrapper\"><p>[vc_section][vc_row gap=&#8221;35&#8243; equal_height=&#8221;yes&#8221; content_placement=&#8221;middle&#8221;][vc_column width=&#8221;1\/2&#8243;][vc_custom_heading text=&#8221;T\u0103r\u00e2mul de vis al terapiei de sare&#8221; font_container=&#8221;tag:h2|text_align:center&#8221; use_theme_fonts=&#8221;yes&#8221; css_animation=&#8221;fadeIn&#8221; css=&#8221;&#8221; el_class=&#8221;mb-sm&#8221;][vc_column_text css_animation=&#8221;fadeInLeft&#8221; css=&#8221;&#8221; el_class=&#8221;text-justify&#8221;]Una dintre cele mai cunoscute \u0219i mai respectate sta\u021biuni de vacan\u021b\u0103 din Transilvania, a trecut prin multe adversit\u0103\u021bi de-a lungul anilor, recuper\u00e2ndu-se \u0219i continu\u00e2nd s\u0103 prospere de fiecare dat\u0103. Pozi\u021bia sa geografic\u0103 i-a conferit o pozi\u021bie privilegiat\u0103, fiind u\u0219or accesibil\u0103 din multe p\u0103r\u021bi ale \u021b\u0103rii. Zona este cunoscut\u0103 de mult pentru salinitatea sa ridicat\u0103. Conform \u00eenregistr\u0103rilor care au supravie\u021buit, \u00eenainte de exploatarea medieval\u0103, sarea pe acest teritoriu a fost extras\u0103 de romani. \u00cen a doua jum\u0103tate a anilor 1500, teritoriul era locuit\u0103 de secui liberi, a c\u0103ror principal\u0103 ocupa\u021bie era tot extrac\u021bia s\u0103rii.<\/p>\n<p>La mijlocul secolului al XIX-lea, au fost construite primele b\u0103i &#8211; G\u00e9raf\u00fcrd\u0151 &#8211; la confluen\u021ba p\u00e2r\u00e2ului S\u0103rat cu p\u00e2r\u00e2ul Sovata. De aici, via\u021ba balnear\u0103 s-a mutat \u00een Sovata de Sus \u0219i, mai t\u00e2rziu \u0219i-a g\u0103sit locul ideal, \u00een actualul centru balnear.<\/p>\n<p>Pe m\u0103sur\u0103 ce intr\u0103m \u00een partea de sta\u021biune a ora\u0219ului, se dezv\u0103luie istoria din spatele minun\u0103\u021biilor arhitecturale. Majoritatea vilelor au fost construite \u00een anii 1860 \u0219i \u201880, astfel c\u0103, \u00een 1884, ora\u0219ul era deja cunoscut drept o sta\u021biune balnear\u0103. Sanatoriul de pe malul imediat al Lacului Ursul a fost deschis publicului \u00een 1901 &#8211; de\u0219i a fost distrus \u00een timpul R\u0103zboiului Mondial, este folosit \u0219i ast\u0103zi \u00eentr-o form\u0103 reconstruit\u0103. Dup\u0103 r\u0103zboi, ora\u0219ul, care se afla sub st\u0103p\u00e2nire austro-ungar\u0103, a fost anexat Rom\u00e2niei, \u0219i abia atunci \u0219i-a prins via\u021b\u0103. \u00cen anii 1920, ora\u0219ul a g\u0103zduit multe personalit\u0103\u021bi celebre, inclusiv familia regal\u0103 rom\u00e2n\u0103, al c\u0103rei fost palat de var\u0103 este \u0219i ast\u0103zi un element decorativ al ora\u0219ului. \u00cen timpul regimului comunist, \u00een anii 1970, s-au deschis o serie de hoteluri finan\u021bate de stat \u0219i, la fel ca \u00een alte ora\u0219e balneare similare, statul a oferit tratamente terapeutice \u0219i spa pentru muncitori \u0219i func\u021bionari &#8211; atunci deja a\u0219tept\u00e2nd vizitatorii \u00een orice sezon, deoarece sta\u021biunile balneare func\u021bionau pe tot decursul anului deja din anul 1954. \u00cen 2009, ora\u0219ul a fost supus unei reabilit\u0103ri complete, construindu-se nu numai hoteluri noi, ci \u0219i restaur\u00e2ndu-se cele vechi. Ast\u0103zi, este cunoscut drept bijuteria sta\u021biunilor balneare.[\/vc_column_text][\/vc_column][vc_column width=&#8221;1\/2&#8243;][vc_single_image image=&#8221;102&#8243; img_size=&#8221;full&#8221; alignment=&#8221;center&#8221; css_animation=&#8221;fadeInRight&#8221; css=&#8221;&#8221;][\/vc_column][\/vc_row][\/vc_section][vc_section full_width=&#8221;stretch_row&#8221; el_class=&#8221;bg-gradient&#8221;][vc_row gap=&#8221;35&#8243; equal_height=&#8221;yes&#8221; content_placement=&#8221;middle&#8221; el_class=&#8221;inverted&#8221;][vc_column width=&#8221;1\/2&#8243;][vc_custom_heading text=&#8221;Faimosul Lacul Ursu&#8221; font_container=&#8221;tag:h2|text_align:center&#8221; use_theme_fonts=&#8221;yes&#8221; css_animation=&#8221;fadeIn&#8221; css=&#8221;&#8221; el_class=&#8221;mb-sm&#8221;][vc_column_text css_animation=&#8221;fadeInRight&#8221; css=&#8221;&#8221; el_class=&#8221;text-justify&#8221;]La mai pu\u021bin de un sfert de or\u0103 de plimbare pl\u0103cut\u0103 de la Golden Wood, \u00ee\u0219i a\u0219teapt\u0103 vizitatorii una dintre comorile naturale ale ora\u0219ului Sovata. Lacul Ursu este estimat a se fi format \u00een jurul anului 1875 \u0219i este numit dup\u0103 forma sa, asem\u0103n\u0103toare unor piele de urs \u00eentins\u0103. Are un con\u021binut estimat de sare de aproximativ 66.000 de tone \u0219i este unic prin faptul c\u0103 straturile sale de ap\u0103 mai ad\u00e2nci au o temperatur\u0103 mai ridicat\u0103 dec\u00e2t suprafa\u021ba. Acest lucru este posibil deoarece sarea absoarb\u0103 c\u0103ldura soarelui, oferindu-ne efectiv o piscin\u0103 de sare \u00eenc\u0103lzit\u0103 \u00een mod natural. Lacul, cunoscut \u0219i sub numele de Marea Moart\u0103 al Transilvaniei, este cel mai mare lac heliotermic din Europa.<\/p>\n<p>Se poate spune cu siguran\u021b\u0103 c\u0103 \u00een \u00eemprejurimile ora\u0219ului Sovata nu lipsesc comorile naturale, obiectivele turistice \u0219i oportunit\u0103\u0163ile de aventur\u0103. Pentru a le descoperi, Golden Wood ofer\u0103 cazare de calitate pentru to\u021bi vizitatorii.[\/vc_column_text][\/vc_column][vc_column width=&#8221;1\/2&#8243;][vc_single_image image=&#8221;104&#8243; img_size=&#8221;full&#8221; alignment=&#8221;center&#8221; css_animation=&#8221;fadeInLeft&#8221; css=&#8221;&#8221;][\/vc_column][\/vc_row][\/vc_section]<\/p>\n<\/div>","protected":false},"excerpt":{"rendered":"<p>[vc_section][vc_row gap=&#8221;35&#8243; equal_height=&#8221;yes&#8221; content_placement=&#8221;middle&#8221;][vc_column width=&#8221;1\/2&#8243;][vc_custom_heading text=&#8221;T\u0103r\u00e2mul de vis al terapiei de sare&#8221; font_container=&#8221;tag:h2|text_align:center&#8221; use_theme_fonts=&#8221;yes&#8221; css_animation=&#8221;fadeIn&#8221; css=&#8221;&#8221; el_class=&#8221;mb-sm&#8221;][vc_column_text css_animation=&#8221;fadeInLeft&#8221; css=&#8221;&#8221; el_class=&#8221;text-justify&#8221;]Una dintre cele mai cunoscute \u0219i mai respectate sta\u021biuni de vacan\u021b\u0103 din Transilvania, a trecut prin multe adversit\u0103\u021bi de-a lungul anilor, recuper\u00e2ndu-se \u0219i continu\u00e2nd s\u0103 prospere de fiecare dat\u0103. Pozi\u021bia sa geografic\u0103 i-a conferit o pozi\u021bie&hellip;<\/p>\n","protected":false},"author":1,"featured_media":449,"parent":0,"menu_order":0,"comment_status":"closed","ping_status":"closed","template":"","meta":{"inline_featured_image":false,"footnotes":""},"class_list":["post-228","page","type-page","status-publish","has-post-thumbnail","hentry","description-off"],"yoast_head":"<!-- This site is optimized with the Yoast SEO plugin v24.2 - https:\/\/yoast.com\/wordpress\/plugins\/seo\/ -->\n<title>Sovata - Golden Wood Apartments<\/title>\n<meta name=\"robots\" content=\"index, follow, max-snippet:-1, max-image-preview:large, max-video-preview:-1\" \/>\n<link rel=\"canonical\" href=\"https:\/\/goldenwood.ro\/ro\/sovata\/\" \/>\n<meta property=\"og:locale\" content=\"ro_RO\" \/>\n<meta property=\"og:type\" content=\"article\" \/>\n<meta property=\"og:title\" content=\"Sovata - Golden Wood Apartments\" \/>\n<meta property=\"og:description\" content=\"[vc_section][vc_row gap=&#8221;35&#8243; equal_height=&#8221;yes&#8221; content_placement=&#8221;middle&#8221;][vc_column width=&#8221;1\/2&#8243;][vc_custom_heading text=&#8221;T\u0103r\u00e2mul de vis al terapiei de sare&#8221; font_container=&#8221;tag:h2|text_align:center&#8221; use_theme_fonts=&#8221;yes&#8221; css_animation=&#8221;fadeIn&#8221; css=&#8221;&#8221; el_class=&#8221;mb-sm&#8221;][vc_column_text css_animation=&#8221;fadeInLeft&#8221; css=&#8221;&#8221; el_class=&#8221;text-justify&#8221;]Una dintre cele mai cunoscute \u0219i mai respectate sta\u021biuni de vacan\u021b\u0103 din Transilvania, a trecut prin multe adversit\u0103\u021bi de-a lungul anilor, recuper\u00e2ndu-se \u0219i continu\u00e2nd s\u0103 prospere de fiecare dat\u0103. Pozi\u021bia sa geografic\u0103 i-a conferit o pozi\u021bie&hellip;\" \/>\n<meta property=\"og:url\" content=\"https:\/\/goldenwood.ro\/ro\/sovata\/\" \/>\n<meta property=\"og:site_name\" content=\"Golden Wood Apartments\" \/>\n<meta property=\"article:publisher\" content=\"https:\/\/www.facebook.com\/profile.php?id=61568895770246\" \/>\n<meta property=\"article:modified_time\" content=\"2025-03-17T08:13:36+00:00\" \/>\n<meta property=\"og:image\" content=\"https:\/\/goldenwood.ro\/wp-content\/uploads\/2025\/02\/bg-hometop-hero-2.webp\" \/>\n\t<meta property=\"og:image:width\" content=\"1920\" \/>\n\t<meta property=\"og:image:height\" content=\"1080\" \/>\n\t<meta property=\"og:image:type\" content=\"image\/webp\" \/>\n<meta name=\"twitter:card\" content=\"summary_large_image\" \/>\n<meta name=\"twitter:label1\" content=\"Timp estimat pentru citire\" \/>\n\t<meta name=\"twitter:data1\" content=\"4 minute\" \/>\n<script type=\"application\/ld+json\" class=\"yoast-schema-graph\">{\"@context\":\"https:\/\/schema.org\",\"@graph\":[{\"@type\":\"WebPage\",\"@id\":\"https:\/\/goldenwood.ro\/ro\/sovata\/\",\"url\":\"https:\/\/goldenwood.ro\/ro\/sovata\/\",\"name\":\"Sovata - Golden Wood Apartments\",\"isPartOf\":{\"@id\":\"https:\/\/goldenwood.ro\/#website\"},\"primaryImageOfPage\":{\"@id\":\"https:\/\/goldenwood.ro\/ro\/sovata\/#primaryimage\"},\"image\":{\"@id\":\"https:\/\/goldenwood.ro\/ro\/sovata\/#primaryimage\"},\"thumbnailUrl\":\"https:\/\/goldenwood.ro\/wp-content\/uploads\/2025\/02\/bg-hometop-hero-2.webp\",\"datePublished\":\"2024-12-11T18:10:24+00:00\",\"dateModified\":\"2025-03-17T08:13:36+00:00\",\"breadcrumb\":{\"@id\":\"https:\/\/goldenwood.ro\/ro\/sovata\/#breadcrumb\"},\"inLanguage\":\"ro-RO\",\"potentialAction\":[{\"@type\":\"ReadAction\",\"target\":[\"https:\/\/goldenwood.ro\/ro\/sovata\/\"]}]},{\"@type\":\"ImageObject\",\"inLanguage\":\"ro-RO\",\"@id\":\"https:\/\/goldenwood.ro\/ro\/sovata\/#primaryimage\",\"url\":\"https:\/\/goldenwood.ro\/wp-content\/uploads\/2025\/02\/bg-hometop-hero-2.webp\",\"contentUrl\":\"https:\/\/goldenwood.ro\/wp-content\/uploads\/2025\/02\/bg-hometop-hero-2.webp\",\"width\":1920,\"height\":1080},{\"@type\":\"BreadcrumbList\",\"@id\":\"https:\/\/goldenwood.ro\/ro\/sovata\/#breadcrumb\",\"itemListElement\":[{\"@type\":\"ListItem\",\"position\":1,\"name\":\"Kezd\u0151lap\",\"item\":\"https:\/\/goldenwood.ro\/ro\/\"},{\"@type\":\"ListItem\",\"position\":2,\"name\":\"Sovata\"}]},{\"@type\":\"WebSite\",\"@id\":\"https:\/\/goldenwood.ro\/#website\",\"url\":\"https:\/\/goldenwood.ro\/\",\"name\":\"Golden Wood Apartments\",\"description\":\"\",\"publisher\":{\"@id\":\"https:\/\/goldenwood.ro\/#organization\"},\"potentialAction\":[{\"@type\":\"SearchAction\",\"target\":{\"@type\":\"EntryPoint\",\"urlTemplate\":\"https:\/\/goldenwood.ro\/?s={search_term_string}\"},\"query-input\":{\"@type\":\"PropertyValueSpecification\",\"valueRequired\":true,\"valueName\":\"search_term_string\"}}],\"inLanguage\":\"ro-RO\"},{\"@type\":\"Organization\",\"@id\":\"https:\/\/goldenwood.ro\/#organization\",\"name\":\"Golden Wood Apartments\",\"url\":\"https:\/\/goldenwood.ro\/\",\"logo\":{\"@type\":\"ImageObject\",\"inLanguage\":\"ro-RO\",\"@id\":\"https:\/\/goldenwood.ro\/#\/schema\/logo\/image\/\",\"url\":\"https:\/\/goldenwood.ro\/wp-content\/uploads\/2025\/01\/golden-wood-logo-mail.png\",\"contentUrl\":\"https:\/\/goldenwood.ro\/wp-content\/uploads\/2025\/01\/golden-wood-logo-mail.png\",\"width\":128,\"height\":141,\"caption\":\"Golden Wood Apartments\"},\"image\":{\"@id\":\"https:\/\/goldenwood.ro\/#\/schema\/logo\/image\/\"},\"sameAs\":[\"https:\/\/www.facebook.com\/profile.php?id=61568895770246\"]}]}<\/script>\n<!-- \/ Yoast SEO plugin. -->","yoast_head_json":{"title":"Sovata - Golden Wood Apartments","robots":{"index":"index","follow":"follow","max-snippet":"max-snippet:-1","max-image-preview":"max-image-preview:large","max-video-preview":"max-video-preview:-1"},"canonical":"https:\/\/goldenwood.ro\/ro\/sovata\/","og_locale":"ro_RO","og_type":"article","og_title":"Sovata - Golden Wood Apartments","og_description":"[vc_section][vc_row gap=&#8221;35&#8243; equal_height=&#8221;yes&#8221; content_placement=&#8221;middle&#8221;][vc_column width=&#8221;1\/2&#8243;][vc_custom_heading text=&#8221;T\u0103r\u00e2mul de vis al terapiei de sare&#8221; font_container=&#8221;tag:h2|text_align:center&#8221; use_theme_fonts=&#8221;yes&#8221; css_animation=&#8221;fadeIn&#8221; css=&#8221;&#8221; el_class=&#8221;mb-sm&#8221;][vc_column_text css_animation=&#8221;fadeInLeft&#8221; css=&#8221;&#8221; el_class=&#8221;text-justify&#8221;]Una dintre cele mai cunoscute \u0219i mai respectate sta\u021biuni de vacan\u021b\u0103 din Transilvania, a trecut prin multe adversit\u0103\u021bi de-a lungul anilor, recuper\u00e2ndu-se \u0219i continu\u00e2nd s\u0103 prospere de fiecare dat\u0103. Pozi\u021bia sa geografic\u0103 i-a conferit o pozi\u021bie&hellip;","og_url":"https:\/\/goldenwood.ro\/ro\/sovata\/","og_site_name":"Golden Wood Apartments","article_publisher":"https:\/\/www.facebook.com\/profile.php?id=61568895770246","article_modified_time":"2025-03-17T08:13:36+00:00","og_image":[{"width":1920,"height":1080,"url":"https:\/\/goldenwood.ro\/wp-content\/uploads\/2025\/02\/bg-hometop-hero-2.webp","type":"image\/webp"}],"twitter_card":"summary_large_image","twitter_misc":{"Timp estimat pentru citire":"4 minute"},"schema":{"@context":"https:\/\/schema.org","@graph":[{"@type":"WebPage","@id":"https:\/\/goldenwood.ro\/ro\/sovata\/","url":"https:\/\/goldenwood.ro\/ro\/sovata\/","name":"Sovata - Golden Wood Apartments","isPartOf":{"@id":"https:\/\/goldenwood.ro\/#website"},"primaryImageOfPage":{"@id":"https:\/\/goldenwood.ro\/ro\/sovata\/#primaryimage"},"image":{"@id":"https:\/\/goldenwood.ro\/ro\/sovata\/#primaryimage"},"thumbnailUrl":"https:\/\/goldenwood.ro\/wp-content\/uploads\/2025\/02\/bg-hometop-hero-2.webp","datePublished":"2024-12-11T18:10:24+00:00","dateModified":"2025-03-17T08:13:36+00:00","breadcrumb":{"@id":"https:\/\/goldenwood.ro\/ro\/sovata\/#breadcrumb"},"inLanguage":"ro-RO","potentialAction":[{"@type":"ReadAction","target":["https:\/\/goldenwood.ro\/ro\/sovata\/"]}]},{"@type":"ImageObject","inLanguage":"ro-RO","@id":"https:\/\/goldenwood.ro\/ro\/sovata\/#primaryimage","url":"https:\/\/goldenwood.ro\/wp-content\/uploads\/2025\/02\/bg-hometop-hero-2.webp","contentUrl":"https:\/\/goldenwood.ro\/wp-content\/uploads\/2025\/02\/bg-hometop-hero-2.webp","width":1920,"height":1080},{"@type":"BreadcrumbList","@id":"https:\/\/goldenwood.ro\/ro\/sovata\/#breadcrumb","itemListElement":[{"@type":"ListItem","position":1,"name":"Kezd\u0151lap","item":"https:\/\/goldenwood.ro\/ro\/"},{"@type":"ListItem","position":2,"name":"Sovata"}]},{"@type":"WebSite","@id":"https:\/\/goldenwood.ro\/#website","url":"https:\/\/goldenwood.ro\/","name":"Golden Wood Apartments","description":"","publisher":{"@id":"https:\/\/goldenwood.ro\/#organization"},"potentialAction":[{"@type":"SearchAction","target":{"@type":"EntryPoint","urlTemplate":"https:\/\/goldenwood.ro\/?s={search_term_string}"},"query-input":{"@type":"PropertyValueSpecification","valueRequired":true,"valueName":"search_term_string"}}],"inLanguage":"ro-RO"},{"@type":"Organization","@id":"https:\/\/goldenwood.ro\/#organization","name":"Golden Wood Apartments","url":"https:\/\/goldenwood.ro\/","logo":{"@type":"ImageObject","inLanguage":"ro-RO","@id":"https:\/\/goldenwood.ro\/#\/schema\/logo\/image\/","url":"https:\/\/goldenwood.ro\/wp-content\/uploads\/2025\/01\/golden-wood-logo-mail.png","contentUrl":"https:\/\/goldenwood.ro\/wp-content\/uploads\/2025\/01\/golden-wood-logo-mail.png","width":128,"height":141,"caption":"Golden Wood Apartments"},"image":{"@id":"https:\/\/goldenwood.ro\/#\/schema\/logo\/image\/"},"sameAs":["https:\/\/www.facebook.com\/profile.php?id=61568895770246"]}]}},"_links":{"self":[{"href":"https:\/\/goldenwood.ro\/ro\/wp-json\/wp\/v2\/pages\/228","targetHints":{"allow":["GET"]}}],"collection":[{"href":"https:\/\/goldenwood.ro\/ro\/wp-json\/wp\/v2\/pages"}],"about":[{"href":"https:\/\/goldenwood.ro\/ro\/wp-json\/wp\/v2\/types\/page"}],"author":[{"embeddable":true,"href":"https:\/\/goldenwood.ro\/ro\/wp-json\/wp\/v2\/users\/1"}],"replies":[{"embeddable":true,"href":"https:\/\/goldenwood.ro\/ro\/wp-json\/wp\/v2\/comments?post=228"}],"version-history":[{"count":6,"href":"https:\/\/goldenwood.ro\/ro\/wp-json\/wp\/v2\/pages\/228\/revisions"}],"predecessor-version":[{"id":367,"href":"https:\/\/goldenwood.ro\/ro\/wp-json\/wp\/v2\/pages\/228\/revisions\/367"}],"wp:featuredmedia":[{"embeddable":true,"href":"https:\/\/goldenwood.ro\/ro\/wp-json\/wp\/v2\/media\/449"}],"wp:attachment":[{"href":"https:\/\/goldenwood.ro\/ro\/wp-json\/wp\/v2\/media?parent=228"}],"curies":[{"name":"wp","href":"https:\/\/api.w.org\/{rel}","templated":true}]}}