{"id":224,"date":"2024-12-11T17:49:25","date_gmt":"2024-12-11T17:49:25","guid":{"rendered":"https:\/\/goldenwood.ro\/bemutatkozas\/"},"modified":"2025-03-17T08:02:53","modified_gmt":"2025-03-17T08:02:53","slug":"despre-noi","status":"publish","type":"page","link":"https:\/\/goldenwood.ro\/ro\/despre-noi\/","title":{"rendered":"Despre noi"},"content":{"rendered":"<div class=\"wpb-content-wrapper\"><p>[vc_section][vc_row gap=&#8221;35&#8243; equal_height=&#8221;yes&#8221; content_placement=&#8221;middle&#8221;][vc_column width=&#8221;1\/2&#8243;][vc_column_text css=&#8221;&#8221; el_class=&#8221;txt-subtitle txt-underline&#8221;]\u00cen armonie cu natura![\/vc_column_text][vc_custom_heading text=&#8221;Golden Wood Apartments&#8221; font_container=&#8221;tag:h2|text_align:center&#8221; use_theme_fonts=&#8221;yes&#8221; css=&#8221;&#8221; el_class=&#8221;mb-sm&#8221;][vc_column_text css=&#8221;&#8221; el_class=&#8221;text-justify&#8221;]Pentru noi, \u00eent\u00e2lnirea dintre materialele moderne \u0219i natur\u0103 este o art\u0103. A\u0219a am imaginat \u0219i creat casele Golden Wood, \u00een perfect\u0103 armonie cu natura.<\/p>\n<p>Un mediu lini\u0219tit pentru cei care doresc o relaxare cu adev\u0103rat bun\u0103. Mobilierul caselor noastre combin\u0103 elemente moderne cu un accent pe confort \u0219i intimitate. Ne-am str\u0103duit s\u0103 ob\u021binem un echilibru nu doar \u00een aspect, ci \u0219i \u00een sentiment. Vecin\u0103tatea p\u0103durii, lacul Tivoli \u0219i natura minunat\u0103 ofer\u0103 o priveli\u0219te \u0219i o experien\u021b\u0103 de neuitat.<\/p>\n<p>Optarea omului modern dup\u0103 lini\u0219te \u0219i voin\u021ba apropierii de natur\u0103 a inspirat na\u0219terea Golden Wood. Pentru a r\u0103spunde acestei nevoi, ar fi fost greu s\u0103 se g\u0103seasc\u0103 un loc mai bun dec\u00e2t Sovata. Frumuse\u021bea captivant\u0103 a ora\u0219ului \u0219i al \u00eemprejurimilor sale va continua s\u0103 fascineze chiar \u0219i cel mai exigent vizitator, care va g\u0103si mereu noi oportunit\u0103\u021bi \u0219i noi curiozit\u0103\u021bi. Renumitul Lacul Ursu, pe l\u00e2ng\u0103 beneficiile oferite de apa sa s\u0103rat\u0103, este \u0219i o zon\u0103 de perfect\u0103 de recreere, \u00een timp ce dealurile \u0219i mun\u021bii din apropiere ofer\u0103 o multitudine de trasee de drume\u021bie.<\/p>\n<p>Gastronomia este, de asemenea, un ingredient al sentimentului tipic transilv\u0103nean, \u00een zon\u0103 fiind disponibil\u0103 o varietate de oferte tradi\u021bionale, dar \u0219i experien\u021be culinare rafinate.<\/p>\n<p>Golden Wood, departe de aglomera\u021bia ora\u0219ului, ofer\u0103 un cadru idilic \u00een poala unor dealuri fabuloase celor \u00een nevoia unor relax\u0103ri cu adev\u0103rat bune!<\/p>\n<p>Conform legendei urbane, Lacul Ursu \u0219i-a primit numele de la faptul c\u0103 ur\u0219ii \u00eenoat\u0103 \u00een el dup\u0103-amiaza. De este adev\u0103rat sau nu&#8230; merit\u0103 s\u0103 afli personal, deoarece vei fi la doar un sfert de or\u0103 de plimbare de lac dac\u0103 \u00ee\u021bi petreci zilele libere la Golden Wood.[\/vc_column_text][\/vc_column][vc_column width=&#8221;1\/2&#8243;][vc_single_image image=&#8221;28&#8243; img_size=&#8221;full&#8221; css=&#8221;&#8221;][\/vc_column][\/vc_row][\/vc_section]<\/p>\n<\/div>","protected":false},"excerpt":{"rendered":"<p>[vc_section][vc_row gap=&#8221;35&#8243; equal_height=&#8221;yes&#8221; content_placement=&#8221;middle&#8221;][vc_column width=&#8221;1\/2&#8243;][vc_column_text css=&#8221;&#8221; el_class=&#8221;txt-subtitle txt-underline&#8221;]\u00cen armonie cu natura![\/vc_column_text][vc_custom_heading text=&#8221;Golden Wood Apartments&#8221; font_container=&#8221;tag:h2|text_align:center&#8221; use_theme_fonts=&#8221;yes&#8221; css=&#8221;&#8221; el_class=&#8221;mb-sm&#8221;][vc_column_text css=&#8221;&#8221; el_class=&#8221;text-justify&#8221;]Pentru noi, \u00eent\u00e2lnirea dintre materialele moderne \u0219i natur\u0103 este o art\u0103. A\u0219a am imaginat \u0219i creat casele Golden Wood, \u00een perfect\u0103 armonie cu natura. Un mediu lini\u0219tit pentru cei care doresc o relaxare cu adev\u0103rat bun\u0103.&hellip;<\/p>\n","protected":false},"author":1,"featured_media":449,"parent":0,"menu_order":0,"comment_status":"closed","ping_status":"closed","template":"","meta":{"inline_featured_image":false,"footnotes":""},"class_list":["post-224","page","type-page","status-publish","has-post-thumbnail","hentry","description-off"],"yoast_head":"<!-- This site is optimized with the Yoast SEO plugin v24.2 - https:\/\/yoast.com\/wordpress\/plugins\/seo\/ -->\n<title>Despre noi - Golden Wood Apartments<\/title>\n<meta name=\"robots\" content=\"index, follow, max-snippet:-1, max-image-preview:large, max-video-preview:-1\" \/>\n<link rel=\"canonical\" href=\"https:\/\/goldenwood.ro\/ro\/despre-noi\/\" \/>\n<meta property=\"og:locale\" content=\"ro_RO\" \/>\n<meta property=\"og:type\" content=\"article\" \/>\n<meta property=\"og:title\" content=\"Despre noi - Golden Wood Apartments\" \/>\n<meta property=\"og:description\" content=\"Pentru noi, \u00eent\u00e2lnirea dintre materialele moderne \u0219i natur\u0103 este o art\u0103. A\u0219a am imaginat \u0219i creat casele Golden Wood, \u00een perfect\u0103 armonie cu natura.\" \/>\n<meta property=\"og:url\" content=\"https:\/\/goldenwood.ro\/ro\/despre-noi\/\" \/>\n<meta property=\"og:site_name\" content=\"Golden Wood Apartments\" \/>\n<meta property=\"article:publisher\" content=\"https:\/\/www.facebook.com\/profile.php?id=61568895770246\" \/>\n<meta property=\"article:modified_time\" content=\"2025-03-17T08:02:53+00:00\" \/>\n<meta property=\"og:image\" content=\"https:\/\/goldenwood.ro\/wp-content\/uploads\/2025\/02\/bg-hometop-hero-2.webp\" \/>\n\t<meta property=\"og:image:width\" content=\"1920\" \/>\n\t<meta property=\"og:image:height\" content=\"1080\" \/>\n\t<meta property=\"og:image:type\" content=\"image\/webp\" \/>\n<meta name=\"twitter:card\" content=\"summary_large_image\" \/>\n<meta name=\"twitter:label1\" content=\"Timp estimat pentru citire\" \/>\n\t<meta name=\"twitter:data1\" content=\"2 minute\" \/>\n<script type=\"application\/ld+json\" class=\"yoast-schema-graph\">{\"@context\":\"https:\/\/schema.org\",\"@graph\":[{\"@type\":\"WebPage\",\"@id\":\"https:\/\/goldenwood.ro\/ro\/despre-noi\/\",\"url\":\"https:\/\/goldenwood.ro\/ro\/despre-noi\/\",\"name\":\"Despre noi - Golden Wood Apartments\",\"isPartOf\":{\"@id\":\"https:\/\/goldenwood.ro\/#website\"},\"primaryImageOfPage\":{\"@id\":\"https:\/\/goldenwood.ro\/ro\/despre-noi\/#primaryimage\"},\"image\":{\"@id\":\"https:\/\/goldenwood.ro\/ro\/despre-noi\/#primaryimage\"},\"thumbnailUrl\":\"https:\/\/goldenwood.ro\/wp-content\/uploads\/2025\/02\/bg-hometop-hero-2.webp\",\"datePublished\":\"2024-12-11T17:49:25+00:00\",\"dateModified\":\"2025-03-17T08:02:53+00:00\",\"breadcrumb\":{\"@id\":\"https:\/\/goldenwood.ro\/ro\/despre-noi\/#breadcrumb\"},\"inLanguage\":\"ro-RO\",\"potentialAction\":[{\"@type\":\"ReadAction\",\"target\":[\"https:\/\/goldenwood.ro\/ro\/despre-noi\/\"]}]},{\"@type\":\"ImageObject\",\"inLanguage\":\"ro-RO\",\"@id\":\"https:\/\/goldenwood.ro\/ro\/despre-noi\/#primaryimage\",\"url\":\"https:\/\/goldenwood.ro\/wp-content\/uploads\/2025\/02\/bg-hometop-hero-2.webp\",\"contentUrl\":\"https:\/\/goldenwood.ro\/wp-content\/uploads\/2025\/02\/bg-hometop-hero-2.webp\",\"width\":1920,\"height\":1080},{\"@type\":\"BreadcrumbList\",\"@id\":\"https:\/\/goldenwood.ro\/ro\/despre-noi\/#breadcrumb\",\"itemListElement\":[{\"@type\":\"ListItem\",\"position\":1,\"name\":\"Kezd\u0151lap\",\"item\":\"https:\/\/goldenwood.ro\/ro\/\"},{\"@type\":\"ListItem\",\"position\":2,\"name\":\"Despre noi\"}]},{\"@type\":\"WebSite\",\"@id\":\"https:\/\/goldenwood.ro\/#website\",\"url\":\"https:\/\/goldenwood.ro\/\",\"name\":\"Golden Wood Apartments\",\"description\":\"\",\"publisher\":{\"@id\":\"https:\/\/goldenwood.ro\/#organization\"},\"potentialAction\":[{\"@type\":\"SearchAction\",\"target\":{\"@type\":\"EntryPoint\",\"urlTemplate\":\"https:\/\/goldenwood.ro\/?s={search_term_string}\"},\"query-input\":{\"@type\":\"PropertyValueSpecification\",\"valueRequired\":true,\"valueName\":\"search_term_string\"}}],\"inLanguage\":\"ro-RO\"},{\"@type\":\"Organization\",\"@id\":\"https:\/\/goldenwood.ro\/#organization\",\"name\":\"Golden Wood Apartments\",\"url\":\"https:\/\/goldenwood.ro\/\",\"logo\":{\"@type\":\"ImageObject\",\"inLanguage\":\"ro-RO\",\"@id\":\"https:\/\/goldenwood.ro\/#\/schema\/logo\/image\/\",\"url\":\"https:\/\/goldenwood.ro\/wp-content\/uploads\/2025\/01\/golden-wood-logo-mail.png\",\"contentUrl\":\"https:\/\/goldenwood.ro\/wp-content\/uploads\/2025\/01\/golden-wood-logo-mail.png\",\"width\":128,\"height\":141,\"caption\":\"Golden Wood Apartments\"},\"image\":{\"@id\":\"https:\/\/goldenwood.ro\/#\/schema\/logo\/image\/\"},\"sameAs\":[\"https:\/\/www.facebook.com\/profile.php?id=61568895770246\"]}]}<\/script>\n<!-- \/ Yoast SEO plugin. -->","yoast_head_json":{"title":"Despre noi - Golden Wood Apartments","robots":{"index":"index","follow":"follow","max-snippet":"max-snippet:-1","max-image-preview":"max-image-preview:large","max-video-preview":"max-video-preview:-1"},"canonical":"https:\/\/goldenwood.ro\/ro\/despre-noi\/","og_locale":"ro_RO","og_type":"article","og_title":"Despre noi - Golden Wood Apartments","og_description":"Pentru noi, \u00eent\u00e2lnirea dintre materialele moderne \u0219i natur\u0103 este o art\u0103. A\u0219a am imaginat \u0219i creat casele Golden Wood, \u00een perfect\u0103 armonie cu natura.","og_url":"https:\/\/goldenwood.ro\/ro\/despre-noi\/","og_site_name":"Golden Wood Apartments","article_publisher":"https:\/\/www.facebook.com\/profile.php?id=61568895770246","article_modified_time":"2025-03-17T08:02:53+00:00","og_image":[{"width":1920,"height":1080,"url":"https:\/\/goldenwood.ro\/wp-content\/uploads\/2025\/02\/bg-hometop-hero-2.webp","type":"image\/webp"}],"twitter_card":"summary_large_image","twitter_misc":{"Timp estimat pentru citire":"2 minute"},"schema":{"@context":"https:\/\/schema.org","@graph":[{"@type":"WebPage","@id":"https:\/\/goldenwood.ro\/ro\/despre-noi\/","url":"https:\/\/goldenwood.ro\/ro\/despre-noi\/","name":"Despre noi - Golden Wood Apartments","isPartOf":{"@id":"https:\/\/goldenwood.ro\/#website"},"primaryImageOfPage":{"@id":"https:\/\/goldenwood.ro\/ro\/despre-noi\/#primaryimage"},"image":{"@id":"https:\/\/goldenwood.ro\/ro\/despre-noi\/#primaryimage"},"thumbnailUrl":"https:\/\/goldenwood.ro\/wp-content\/uploads\/2025\/02\/bg-hometop-hero-2.webp","datePublished":"2024-12-11T17:49:25+00:00","dateModified":"2025-03-17T08:02:53+00:00","breadcrumb":{"@id":"https:\/\/goldenwood.ro\/ro\/despre-noi\/#breadcrumb"},"inLanguage":"ro-RO","potentialAction":[{"@type":"ReadAction","target":["https:\/\/goldenwood.ro\/ro\/despre-noi\/"]}]},{"@type":"ImageObject","inLanguage":"ro-RO","@id":"https:\/\/goldenwood.ro\/ro\/despre-noi\/#primaryimage","url":"https:\/\/goldenwood.ro\/wp-content\/uploads\/2025\/02\/bg-hometop-hero-2.webp","contentUrl":"https:\/\/goldenwood.ro\/wp-content\/uploads\/2025\/02\/bg-hometop-hero-2.webp","width":1920,"height":1080},{"@type":"BreadcrumbList","@id":"https:\/\/goldenwood.ro\/ro\/despre-noi\/#breadcrumb","itemListElement":[{"@type":"ListItem","position":1,"name":"Kezd\u0151lap","item":"https:\/\/goldenwood.ro\/ro\/"},{"@type":"ListItem","position":2,"name":"Despre noi"}]},{"@type":"WebSite","@id":"https:\/\/goldenwood.ro\/#website","url":"https:\/\/goldenwood.ro\/","name":"Golden Wood Apartments","description":"","publisher":{"@id":"https:\/\/goldenwood.ro\/#organization"},"potentialAction":[{"@type":"SearchAction","target":{"@type":"EntryPoint","urlTemplate":"https:\/\/goldenwood.ro\/?s={search_term_string}"},"query-input":{"@type":"PropertyValueSpecification","valueRequired":true,"valueName":"search_term_string"}}],"inLanguage":"ro-RO"},{"@type":"Organization","@id":"https:\/\/goldenwood.ro\/#organization","name":"Golden Wood Apartments","url":"https:\/\/goldenwood.ro\/","logo":{"@type":"ImageObject","inLanguage":"ro-RO","@id":"https:\/\/goldenwood.ro\/#\/schema\/logo\/image\/","url":"https:\/\/goldenwood.ro\/wp-content\/uploads\/2025\/01\/golden-wood-logo-mail.png","contentUrl":"https:\/\/goldenwood.ro\/wp-content\/uploads\/2025\/01\/golden-wood-logo-mail.png","width":128,"height":141,"caption":"Golden Wood Apartments"},"image":{"@id":"https:\/\/goldenwood.ro\/#\/schema\/logo\/image\/"},"sameAs":["https:\/\/www.facebook.com\/profile.php?id=61568895770246"]}]}},"_links":{"self":[{"href":"https:\/\/goldenwood.ro\/ro\/wp-json\/wp\/v2\/pages\/224","targetHints":{"allow":["GET"]}}],"collection":[{"href":"https:\/\/goldenwood.ro\/ro\/wp-json\/wp\/v2\/pages"}],"about":[{"href":"https:\/\/goldenwood.ro\/ro\/wp-json\/wp\/v2\/types\/page"}],"author":[{"embeddable":true,"href":"https:\/\/goldenwood.ro\/ro\/wp-json\/wp\/v2\/users\/1"}],"replies":[{"embeddable":true,"href":"https:\/\/goldenwood.ro\/ro\/wp-json\/wp\/v2\/comments?post=224"}],"version-history":[{"count":4,"href":"https:\/\/goldenwood.ro\/ro\/wp-json\/wp\/v2\/pages\/224\/revisions"}],"predecessor-version":[{"id":373,"href":"https:\/\/goldenwood.ro\/ro\/wp-json\/wp\/v2\/pages\/224\/revisions\/373"}],"wp:featuredmedia":[{"embeddable":true,"href":"https:\/\/goldenwood.ro\/ro\/wp-json\/wp\/v2\/media\/449"}],"wp:attachment":[{"href":"https:\/\/goldenwood.ro\/ro\/wp-json\/wp\/v2\/media?parent=224"}],"curies":[{"name":"wp","href":"https:\/\/api.w.org\/{rel}","templated":true}]}}